{"id":44,"date":"2018-03-30T03:37:14","date_gmt":"2018-03-30T03:37:14","guid":{"rendered":"https:\/\/wordpress-276259-4332664.cloudwaysapps.com\/consulting\/?page_id=44"},"modified":"2025-01-08T13:05:06","modified_gmt":"2025-01-08T10:05:06","slug":"home-2","status":"publish","type":"page","link":"http:\/\/www.seraytedarik.com.tr\/","title":{"rendered":"Home"},"content":{"rendered":"<h2>End\u00fcstriyel Tedarik Malzemeleri<\/h2>\n<p>Toptan ve Perakende end\u00fcstriyel temizlik ve toptan g\u0131da \u00fcr\u00fcnlerinin tedarik ve da\u011f\u0131t\u0131m\u0131nda Bursa&#8217; daki yeni adres: Seray Tedarik.<\/p>\n<h4>\u0130leti\u015fim i\u00e7in hemen aray\u0131n <a href=\"tel:(+90) 543-797-2844\">(+90) 543-797-2844<\/a><\/h4>\n<h4><a href=\"#\">pazarlama@seraytedarik.com.tr<\/a><\/h4>\n<p>[wpforms id=&#8221;273&#8243; title=&#8221;false&#8221; description=&#8221;false&#8221;]<br \/>\n<iframe src=\"https:\/\/maps.google.com\/maps?q=London%20Eye%2C%20London%2C%20United%20Kingdom&amp;t=m&amp;z=10&amp;output=embed&amp;iwloc=near\" frameborder=\"0\" marginwidth=\"0\" marginheight=\"0\" scrolling=\"no\" aria-label=\"London Eye, London, United Kingdom\"><\/iframe><\/p>\n","protected":false},"excerpt":{"rendered":"<p>End\u00fcstriyel Tedarik Malzemeleri Toptan ve Perakende end\u00fcstriyel temizlik ve toptan g\u0131da \u00fcr\u00fcnlerinin tedarik ve da\u011f\u0131t\u0131m\u0131nda Bursa&#8217; daki yeni adres: Seray Tedarik. \u0130leti\u015fim i\u00e7in hemen aray\u0131n (+90) 543-797-2844 pazarlama@seraytedarik.com.tr [wpforms id=&#8221;273&#8243; title=&#8221;false&#8221; description=&#8221;false&#8221;]<\/p>\n","protected":false},"author":2,"featured_media":0,"parent":0,"menu_order":0,"comment_status":"closed","ping_status":"closed","template":"","meta":{"_themeisle_gutenberg_block_has_review":false,"footnotes":""},"class_list":["post-44","page","type-page","status-publish","hentry"],"_links":{"self":[{"href":"http:\/\/www.seraytedarik.com.tr\/index.php?rest_route=\/wp\/v2\/pages\/44","targetHints":{"allow":["GET"]}}],"collection":[{"href":"http:\/\/www.seraytedarik.com.tr\/index.php?rest_route=\/wp\/v2\/pages"}],"about":[{"href":"http:\/\/www.seraytedarik.com.tr\/index.php?rest_route=\/wp\/v2\/types\/page"}],"author":[{"embeddable":true,"href":"http:\/\/www.seraytedarik.com.tr\/index.php?rest_route=\/wp\/v2\/users\/2"}],"replies":[{"embeddable":true,"href":"http:\/\/www.seraytedarik.com.tr\/index.php?rest_route=%2Fwp%2Fv2%2Fcomments&post=44"}],"version-history":[{"count":1,"href":"http:\/\/www.seraytedarik.com.tr\/index.php?rest_route=\/wp\/v2\/pages\/44\/revisions"}],"predecessor-version":[{"id":431,"href":"http:\/\/www.seraytedarik.com.tr\/index.php?rest_route=\/wp\/v2\/pages\/44\/revisions\/431"}],"wp:attachment":[{"href":"http:\/\/www.seraytedarik.com.tr\/index.php?rest_route=%2Fwp%2Fv2%2Fmedia&parent=44"}],"curies":[{"name":"wp","href":"https:\/\/api.w.org\/{rel}","templated":true}]}}